{"id":105,"date":"2021-10-22T09:23:14","date_gmt":"2021-10-22T07:23:14","guid":{"rendered":"https:\/\/angerloduurzaam.nl\/?page_id=105"},"modified":"2021-10-22T09:23:15","modified_gmt":"2021-10-22T07:23:15","slug":"leden","status":"publish","type":"page","link":"https:\/\/angerloduurzaam.nl\/?page_id=105","title":{"rendered":"Leden"},"content":{"rendered":"\n<p>Angerlo duurzaam maken doen we samen! Door met elkaar na de denken over projecten, een blok te vormen voor onderhandelingen met de gemeente, overheid en netbeheerders. Daarnaast willen we bijvoorbeeld samen gunstige inkoopacties te organiseren.<\/p>\n\n\n\n<p>Onze doel is om zoveel mogelijk leden te krijgen binnen Angerlo zodat we al onze dorpsgenoten een stem kunnen geven. Iedereen heeft idee\u00ebn en zorgen over hoe de toekomst eruit gaat zien om de doelen van het klimaatakkoord te gaan halen! U wordt lid voor \u00e9\u00e9nmalig 10\u20ac per huishouden of 100\u20ac voor een bedrijf *<\/p>\n\n\n\n<p class=\"has-small-font-size\">* = \u00e9\u00e9n lidmaatschap per adres, enkel binnen Angerlo (postcode 6986).<\/p>\n\n\n\n<div class=\"wp-block-buttons is-content-justification-center is-layout-flex wp-block-buttons-is-layout-flex\">\n<div class=\"wp-block-button\"><a class=\"wp-block-button__link\" href=\"https:\/\/angerloduurzaam.nl\/?page_id=40\">Word ook lid!<\/a><\/div>\n<\/div>\n\n\n\n<ul class=\"wp-block-list\"><li>Moeten we van het gas?\u00a0<\/li><li>Kan het stroomnetwerk het allemaal wel aan?\u00a0<\/li><li>Leveren zonnepanelen straks nog wel geld op?\u00a0<\/li><li>Wie gaat dit allemaal betalen?<\/li><li>Hoe krijg ik straks mijn huis nog warm genoeg?<\/li><\/ul>\n\n\n\n<p>Deze en nog meer vragen leven bij ons in het dorp en daar willen wij een goed antwoord op geven. Samen staan we sterk en kunnen we onze kennis en verstand delen op zoek naar oplossingen die bij Angerlo passen. Om op deze vragen een passend antwoord te geven hopen wij dat u lid wordt van onze co\u00f6peratie en uw idee\u00ebn, vragen en zorgen met ons deelt.<\/p>\n\n\n\n<div class=\"wp-block-buttons is-content-justification-center is-layout-flex wp-block-buttons-is-layout-flex\">\n<div class=\"wp-block-button\"><a class=\"wp-block-button__link\" href=\"https:\/\/angerloduurzaam.nl\/?page_id=40\">Word ook lid!<\/a><\/div>\n<\/div>\n","protected":false},"excerpt":{"rendered":"<p>Angerlo duurzaam maken doen we samen! Door met elkaar na de denken over projecten, een blok te vormen voor onderhandelingen met de gemeente, overheid en netbeheerders. Daarnaast willen we bijvoorbeeld samen gunstige inkoopacties te organiseren. Onze doel is om zoveel mogelijk leden te krijgen binnen Angerlo zodat we al onze dorpsgenoten een stem kunnen geven. [&hellip;]<\/p>\n","protected":false},"author":1,"featured_media":0,"parent":0,"menu_order":0,"comment_status":"closed","ping_status":"closed","template":"","meta":{"footnotes":""},"class_list":["post-105","page","type-page","status-publish","hentry"],"yoast_head":"<!-- This site is optimized with the Yoast SEO plugin v21.5 - https:\/\/yoast.com\/wordpress\/plugins\/seo\/ -->\n<title>Leden - Co\u00f6peratie Angerlo Duurzaam<\/title>\n<meta name=\"robots\" content=\"index, follow, max-snippet:-1, max-image-preview:large, max-video-preview:-1\" \/>\n<link rel=\"canonical\" href=\"https:\/\/angerloduurzaam.nl\/?page_id=105\" \/>\n<meta property=\"og:locale\" content=\"nl_NL\" \/>\n<meta property=\"og:type\" content=\"article\" \/>\n<meta property=\"og:title\" content=\"Leden - Co\u00f6peratie Angerlo Duurzaam\" \/>\n<meta property=\"og:description\" content=\"Angerlo duurzaam maken doen we samen! Door met elkaar na de denken over projecten, een blok te vormen voor onderhandelingen met de gemeente, overheid en netbeheerders. Daarnaast willen we bijvoorbeeld samen gunstige inkoopacties te organiseren. Onze doel is om zoveel mogelijk leden te krijgen binnen Angerlo zodat we al onze dorpsgenoten een stem kunnen geven. [&hellip;]\" \/>\n<meta property=\"og:url\" content=\"https:\/\/angerloduurzaam.nl\/?page_id=105\" \/>\n<meta property=\"og:site_name\" content=\"Co\u00f6peratie Angerlo Duurzaam\" \/>\n<meta property=\"article:modified_time\" content=\"2021-10-22T07:23:15+00:00\" \/>\n<meta name=\"twitter:card\" content=\"summary_large_image\" \/>\n<meta name=\"twitter:label1\" content=\"Est. reading time\" \/>\n\t<meta name=\"twitter:data1\" content=\"1 minuut\" \/>\n<script type=\"application\/ld+json\" class=\"yoast-schema-graph\">{\"@context\":\"https:\/\/schema.org\",\"@graph\":[{\"@type\":\"WebPage\",\"@id\":\"https:\/\/angerloduurzaam.nl\/?page_id=105\",\"url\":\"https:\/\/angerloduurzaam.nl\/?page_id=105\",\"name\":\"Leden - Co\u00f6peratie Angerlo Duurzaam\",\"isPartOf\":{\"@id\":\"https:\/\/angerloduurzaam.nl\/#website\"},\"datePublished\":\"2021-10-22T07:23:14+00:00\",\"dateModified\":\"2021-10-22T07:23:15+00:00\",\"breadcrumb\":{\"@id\":\"https:\/\/angerloduurzaam.nl\/?page_id=105#breadcrumb\"},\"inLanguage\":\"nl-NL\",\"potentialAction\":[{\"@type\":\"ReadAction\",\"target\":[\"https:\/\/angerloduurzaam.nl\/?page_id=105\"]}]},{\"@type\":\"BreadcrumbList\",\"@id\":\"https:\/\/angerloduurzaam.nl\/?page_id=105#breadcrumb\",\"itemListElement\":[{\"@type\":\"ListItem\",\"position\":1,\"name\":\"Home\",\"item\":\"https:\/\/angerloduurzaam.nl\/\"},{\"@type\":\"ListItem\",\"position\":2,\"name\":\"Leden\"}]},{\"@type\":\"WebSite\",\"@id\":\"https:\/\/angerloduurzaam.nl\/#website\",\"url\":\"https:\/\/angerloduurzaam.nl\/\",\"name\":\"Co\u00f6peratie Angerlo Duurzaam\",\"description\":\"Samen Angerlo duurzaam maken\",\"potentialAction\":[{\"@type\":\"SearchAction\",\"target\":{\"@type\":\"EntryPoint\",\"urlTemplate\":\"https:\/\/angerloduurzaam.nl\/?s={search_term_string}\"},\"query-input\":\"required name=search_term_string\"}],\"inLanguage\":\"nl-NL\"}]}<\/script>\n<!-- \/ Yoast SEO plugin. -->","yoast_head_json":{"title":"Leden - Co\u00f6peratie Angerlo Duurzaam","robots":{"index":"index","follow":"follow","max-snippet":"max-snippet:-1","max-image-preview":"max-image-preview:large","max-video-preview":"max-video-preview:-1"},"canonical":"https:\/\/angerloduurzaam.nl\/?page_id=105","og_locale":"nl_NL","og_type":"article","og_title":"Leden - Co\u00f6peratie Angerlo Duurzaam","og_description":"Angerlo duurzaam maken doen we samen! Door met elkaar na de denken over projecten, een blok te vormen voor onderhandelingen met de gemeente, overheid en netbeheerders. Daarnaast willen we bijvoorbeeld samen gunstige inkoopacties te organiseren. Onze doel is om zoveel mogelijk leden te krijgen binnen Angerlo zodat we al onze dorpsgenoten een stem kunnen geven. [&hellip;]","og_url":"https:\/\/angerloduurzaam.nl\/?page_id=105","og_site_name":"Co\u00f6peratie Angerlo Duurzaam","article_modified_time":"2021-10-22T07:23:15+00:00","twitter_card":"summary_large_image","twitter_misc":{"Est. reading time":"1 minuut"},"schema":{"@context":"https:\/\/schema.org","@graph":[{"@type":"WebPage","@id":"https:\/\/angerloduurzaam.nl\/?page_id=105","url":"https:\/\/angerloduurzaam.nl\/?page_id=105","name":"Leden - Co\u00f6peratie Angerlo Duurzaam","isPartOf":{"@id":"https:\/\/angerloduurzaam.nl\/#website"},"datePublished":"2021-10-22T07:23:14+00:00","dateModified":"2021-10-22T07:23:15+00:00","breadcrumb":{"@id":"https:\/\/angerloduurzaam.nl\/?page_id=105#breadcrumb"},"inLanguage":"nl-NL","potentialAction":[{"@type":"ReadAction","target":["https:\/\/angerloduurzaam.nl\/?page_id=105"]}]},{"@type":"BreadcrumbList","@id":"https:\/\/angerloduurzaam.nl\/?page_id=105#breadcrumb","itemListElement":[{"@type":"ListItem","position":1,"name":"Home","item":"https:\/\/angerloduurzaam.nl\/"},{"@type":"ListItem","position":2,"name":"Leden"}]},{"@type":"WebSite","@id":"https:\/\/angerloduurzaam.nl\/#website","url":"https:\/\/angerloduurzaam.nl\/","name":"Co\u00f6peratie Angerlo Duurzaam","description":"Samen Angerlo duurzaam maken","potentialAction":[{"@type":"SearchAction","target":{"@type":"EntryPoint","urlTemplate":"https:\/\/angerloduurzaam.nl\/?s={search_term_string}"},"query-input":"required name=search_term_string"}],"inLanguage":"nl-NL"}]}},"_links":{"self":[{"href":"https:\/\/angerloduurzaam.nl\/index.php?rest_route=\/wp\/v2\/pages\/105","targetHints":{"allow":["GET"]}}],"collection":[{"href":"https:\/\/angerloduurzaam.nl\/index.php?rest_route=\/wp\/v2\/pages"}],"about":[{"href":"https:\/\/angerloduurzaam.nl\/index.php?rest_route=\/wp\/v2\/types\/page"}],"author":[{"embeddable":true,"href":"https:\/\/angerloduurzaam.nl\/index.php?rest_route=\/wp\/v2\/users\/1"}],"replies":[{"embeddable":true,"href":"https:\/\/angerloduurzaam.nl\/index.php?rest_route=%2Fwp%2Fv2%2Fcomments&post=105"}],"version-history":[{"count":1,"href":"https:\/\/angerloduurzaam.nl\/index.php?rest_route=\/wp\/v2\/pages\/105\/revisions"}],"predecessor-version":[{"id":106,"href":"https:\/\/angerloduurzaam.nl\/index.php?rest_route=\/wp\/v2\/pages\/105\/revisions\/106"}],"wp:attachment":[{"href":"https:\/\/angerloduurzaam.nl\/index.php?rest_route=%2Fwp%2Fv2%2Fmedia&parent=105"}],"curies":[{"name":"wp","href":"https:\/\/api.w.org\/{rel}","templated":true}]}}